{"id":9876,"date":"2023-03-07T21:00:30","date_gmt":"2023-03-08T00:00:30","guid":{"rendered":"https:\/\/www.relatostar.com.br\/2022\/?page_id=9876"},"modified":"2023-04-19T08:53:56","modified_gmt":"2023-04-19T11:53:56","slug":"creditos","status":"publish","type":"page","link":"https:\/\/www.relatostar.com.br\/2022\/creditos\/","title":{"rendered":"Cr\u00e9ditos"},"content":{"rendered":"\t\t<div data-elementor-type=\"wp-page\" data-elementor-id=\"9876\" class=\"elementor elementor-9876\" data-elementor-post-type=\"page\">\n\t\t\t\t\t\t<section class=\"elementor-section elementor-top-section elementor-element elementor-element-8eec266 elementor-section-full_width elementor-section-stretched elementor-section-height-min-height elementor-section-height-default elementor-section-items-middle\" data-id=\"8eec266\" data-element_type=\"section\" data-e-type=\"section\" data-settings=\"{&quot;stretch_section&quot;:&quot;section-stretched&quot;,&quot;jet_parallax_layout_list&quot;:[{&quot;_id&quot;:&quot;6f7dc5d&quot;,&quot;jet_parallax_layout_image&quot;:{&quot;url&quot;:&quot;&quot;,&quot;id&quot;:&quot;&quot;,&quot;size&quot;:&quot;&quot;},&quot;jet_parallax_layout_image_laptop&quot;:{&quot;url&quot;:&quot;&quot;,&quot;id&quot;:&quot;&quot;,&quot;size&quot;:&quot;&quot;},&quot;jet_parallax_layout_image_tablet&quot;:{&quot;url&quot;:&quot;&quot;,&quot;id&quot;:&quot;&quot;,&quot;size&quot;:&quot;&quot;},&quot;jet_parallax_layout_image_mobile&quot;:{&quot;url&quot;:&quot;&quot;,&quot;id&quot;:&quot;&quot;,&quot;size&quot;:&quot;&quot;},&quot;jet_parallax_layout_speed&quot;:{&quot;unit&quot;:&quot;%&quot;,&quot;size&quot;:50,&quot;sizes&quot;:[]},&quot;jet_parallax_layout_type&quot;:&quot;scroll&quot;,&quot;jet_parallax_layout_direction&quot;:null,&quot;jet_parallax_layout_fx_direction&quot;:null,&quot;jet_parallax_layout_z_index&quot;:&quot;&quot;,&quot;jet_parallax_layout_bg_x&quot;:50,&quot;jet_parallax_layout_bg_x_laptop&quot;:&quot;&quot;,&quot;jet_parallax_layout_bg_x_tablet&quot;:&quot;&quot;,&quot;jet_parallax_layout_bg_x_mobile&quot;:&quot;&quot;,&quot;jet_parallax_layout_bg_y&quot;:50,&quot;jet_parallax_layout_bg_y_laptop&quot;:&quot;&quot;,&quot;jet_parallax_layout_bg_y_tablet&quot;:&quot;&quot;,&quot;jet_parallax_layout_bg_y_mobile&quot;:&quot;&quot;,&quot;jet_parallax_layout_bg_size&quot;:&quot;auto&quot;,&quot;jet_parallax_layout_bg_size_laptop&quot;:&quot;&quot;,&quot;jet_parallax_layout_bg_size_tablet&quot;:&quot;&quot;,&quot;jet_parallax_layout_bg_size_mobile&quot;:&quot;&quot;,&quot;jet_parallax_layout_animation_prop&quot;:&quot;transform&quot;,&quot;jet_parallax_layout_on&quot;:[&quot;desktop&quot;,&quot;tablet&quot;]}],&quot;background_background&quot;:&quot;classic&quot;}\">\n\t\t\t\t\t\t<div class=\"elementor-container elementor-column-gap-default\">\n\t\t\t\t\t<div class=\"elementor-column elementor-col-100 elementor-top-column elementor-element elementor-element-4a415323\" data-id=\"4a415323\" data-element_type=\"column\" data-e-type=\"column\">\n\t\t\t<div class=\"elementor-widget-wrap\">\n\t\t\t\t\t\t\t<\/div>\n\t\t<\/div>\n\t\t\t\t\t<\/div>\n\t\t<\/section>\n\t\t<div class=\"elementor-element elementor-element-02bfd58 e-con-full e-flex e-con e-parent\" data-id=\"02bfd58\" data-element_type=\"container\" data-e-type=\"container\" data-settings=\"{&quot;jet_parallax_layout_list&quot;:[]}\">\n\t\t<div class=\"elementor-element elementor-element-d1beb6f e-con-full e-flex e-con e-child\" data-id=\"d1beb6f\" data-element_type=\"container\" data-e-type=\"container\" data-settings=\"{&quot;jet_parallax_layout_list&quot;:[]}\">\n\t\t<div class=\"elementor-element elementor-element-56f79e5 e-con-full e-flex e-con e-child\" data-id=\"56f79e5\" data-element_type=\"container\" data-e-type=\"container\" data-settings=\"{&quot;jet_parallax_layout_list&quot;:[],&quot;motion_fx_motion_fx_scrolling&quot;:&quot;yes&quot;,&quot;motion_fx_translateY_effect&quot;:&quot;yes&quot;,&quot;motion_fx_translateY_speed&quot;:{&quot;unit&quot;:&quot;px&quot;,&quot;size&quot;:3,&quot;sizes&quot;:[]},&quot;motion_fx_translateY_affectedRange&quot;:{&quot;unit&quot;:&quot;%&quot;,&quot;size&quot;:&quot;&quot;,&quot;sizes&quot;:{&quot;start&quot;:30,&quot;end&quot;:100}},&quot;motion_fx_devices&quot;:[&quot;desktop&quot;,&quot;laptop&quot;,&quot;tablet&quot;,&quot;mobile&quot;]}\">\n\t\t<div class=\"elementor-element elementor-element-fd9e7cf e-con-full hBxaPT e-flex e-con e-child\" data-id=\"fd9e7cf\" data-element_type=\"container\" data-e-type=\"container\" data-settings=\"{&quot;background_background&quot;:&quot;classic&quot;,&quot;jet_parallax_layout_list&quot;:[]}\">\n\t\t\t\t<div class=\"elementor-element elementor-element-7f4471a elementor-widget elementor-widget-heading\" data-id=\"7f4471a\" data-element_type=\"widget\" data-e-type=\"widget\" data-widget_type=\"heading.default\">\n\t\t\t\t<div class=\"elementor-widget-container\">\n\t\t\t\t\t<span class=\"elementor-heading-title elementor-size-default\">Cr\u00e9ditos<\/span>\t\t\t\t<\/div>\n\t\t\t\t<\/div>\n\t\t\t\t<\/div>\n\t\t<div class=\"elementor-element elementor-element-db6c58b e-con-full e-flex e-con e-child\" data-id=\"db6c58b\" data-element_type=\"container\" data-e-type=\"container\" data-settings=\"{&quot;jet_parallax_layout_list&quot;:[]}\">\n\t\t\t\t<div class=\"elementor-element elementor-element-85186c4 elementor-icon-list--layout-traditional elementor-list-item-link-full_width elementor-widget elementor-widget-icon-list\" data-id=\"85186c4\" data-element_type=\"widget\" data-e-type=\"widget\" data-widget_type=\"icon-list.default\">\n\t\t\t\t<div class=\"elementor-widget-container\">\n\t\t\t\t\t\t\t<ul class=\"elementor-icon-list-items\">\n\t\t\t\t\t\t\t<li class=\"elementor-icon-list-item\">\n\t\t\t\t\t\t\t\t\t\t\t<a href=\"https:\/\/www.relatostar.com.br\/2022\/\">\n\n\t\t\t\t\t\t\t\t\t\t\t<span class=\"elementor-icon-list-text\">In\u00edcio<\/span>\n\t\t\t\t\t\t\t\t\t\t\t<\/a>\n\t\t\t\t\t\t\t\t\t<\/li>\n\t\t\t\t\t\t<\/ul>\n\t\t\t\t\t\t<\/div>\n\t\t\t\t<\/div>\n\t\t\t\t<\/div>\n\t\t\t\t<\/div>\n\t\t\t\t<\/div>\n\t\t\t\t<\/div>\n\t\t\t\t<section class=\"elementor-section elementor-top-section elementor-element elementor-element-a938a88 elementor-section-boxed elementor-section-height-default elementor-section-height-default\" data-id=\"a938a88\" data-element_type=\"section\" data-e-type=\"section\" data-settings=\"{&quot;jet_parallax_layout_list&quot;:[]}\">\n\t\t\t\t\t\t<div class=\"elementor-container elementor-column-gap-default\">\n\t\t\t\t\t<div class=\"elementor-column elementor-col-100 elementor-top-column elementor-element elementor-element-722ee63\" data-id=\"722ee63\" data-element_type=\"column\" data-e-type=\"column\">\n\t\t\t<div class=\"elementor-widget-wrap elementor-element-populated\">\n\t\t\t\t\t\t<div class=\"elementor-element elementor-element-cabbdcf elementor-widget elementor-widget-text-editor\" data-id=\"cabbdcf\" data-element_type=\"widget\" data-e-type=\"widget\" data-widget_type=\"text-editor.default\">\n\t\t\t\t<div class=\"elementor-widget-container\">\n\t\t\t\t\t\t\t\t\t<section data-id=\"7fec6f3\" data-element_type=\"section\"><div><div data-id=\"a142796\" data-element_type=\"column\"><div><div data-id=\"aab428e\" data-element_type=\"widget\" data-widget_type=\"heading.default\"><div><h4>Coordena\u00e7\u00e3o geral do projeto &#8211; Volkswagen do Brasil<\/h4><\/div><\/div><div data-id=\"b91a256\" data-element_type=\"widget\" data-widget_type=\"text-editor.default\"><div><p>Maria Helena Zucchi Calado<br \/>Marcos Alexandre Martins<\/p><\/div><\/div><\/div><\/div><\/div><\/section><section data-id=\"7f57207\" data-element_type=\"section\"><div><div data-id=\"587ca59\" data-element_type=\"column\"><div><div data-id=\"c6a0f5c\" data-element_type=\"widget\" data-widget_type=\"heading.default\"><div><h4>Fotografia<\/h4><\/div><\/div><div data-id=\"69c59de\" data-element_type=\"widget\" data-widget_type=\"text-editor.default\"><div><p>Acervo Volkswagen do Brasil<\/p><\/div><\/div><\/div><\/div><\/div><\/section><section data-id=\"9e15203\" data-element_type=\"section\"><div><div data-id=\"8bab0fc\" data-element_type=\"column\"><div><div data-id=\"54d8d68\" data-element_type=\"widget\" data-widget_type=\"heading.default\"><div><h4>Consultoria GRI, coordena\u00e7\u00e3o editorial e design<\/h4><\/div><\/div><div data-id=\"1ac42d8\" data-element_type=\"widget\" data-widget_type=\"text-editor.default\"><div><p><strong><a href=\"https:\/\/www.star-7.com\/br\" target=\"_blank\" rel=\"noopener\">Star7<\/a><\/strong><\/p><p>Supervis\u00e3o: Vanessa Felix<br \/><span style=\"color: var( --e-global-color-text ); font-family: var( --e-global-typography-text-font-family ), teste fonte menor; font-size: var( --e-global-typography-text-font-size ); font-weight: var( --e-global-typography-text-font-weight ); letter-spacing: var( --e-global-typography-text-letter-spacing ); word-spacing: var( --e-global-typography-text-word-spacing );\">Edi\u00e7\u00e3o e reda\u00e7\u00e3o: Rafael Barbosa<br \/><\/span><span style=\"color: var( --e-global-color-text ); font-family: var( --e-global-typography-text-font-family ), teste fonte menor; font-size: var( --e-global-typography-text-font-size ); font-weight: var( --e-global-typography-text-font-weight ); letter-spacing: var( --e-global-typography-text-letter-spacing ); word-spacing: var( --e-global-typography-text-word-spacing );\">Cria\u00e7\u00e3o: Tatiane Rodrigues<br \/><\/span><span style=\"color: var( --e-global-color-text ); font-family: var( --e-global-typography-text-font-family ), teste fonte menor; font-size: var( --e-global-typography-text-font-size ); font-weight: var( --e-global-typography-text-font-weight ); letter-spacing: var( --e-global-typography-text-letter-spacing ); word-spacing: var( --e-global-typography-text-word-spacing );\">Revis\u00e3o: Frederico Thompson<br \/>Atendimento: Jo\u00e3o Vargas<br \/><\/span><\/p><\/div><\/div><\/div><\/div><\/div><\/section>\t\t\t\t\t\t\t\t<\/div>\n\t\t\t\t<\/div>\n\t\t\t\t\t<\/div>\n\t\t<\/div>\n\t\t\t\t\t<\/div>\n\t\t<\/section>\n\t\t<div class=\"elementor-element elementor-element-5155218 e-flex e-con-boxed e-con e-parent\" data-id=\"5155218\" data-element_type=\"container\" data-e-type=\"container\" data-settings=\"{&quot;jet_parallax_layout_list&quot;:[]}\">\n\t\t\t\t\t<div class=\"e-con-inner\">\n\t\t<div class=\"elementor-element elementor-element-1f8f035 e-con-full e-flex e-con e-child\" data-id=\"1f8f035\" data-element_type=\"container\" data-e-type=\"container\" data-settings=\"{&quot;jet_parallax_layout_list&quot;:[]}\">\n\t\t\t\t<div class=\"elementor-element elementor-element-94ff072 elementor-view-framed elementor-widget__width-auto elementor-fixed elementor-shape-circle elementor-widget elementor-widget-icon\" data-id=\"94ff072\" data-element_type=\"widget\" data-e-type=\"widget\" data-settings=\"{&quot;_position&quot;:&quot;fixed&quot;}\" data-widget_type=\"icon.default\">\n\t\t\t\t<div class=\"elementor-widget-container\">\n\t\t\t\t\t\t\t<div class=\"elementor-icon-wrapper\">\n\t\t\t<a class=\"elementor-icon\" href=\"#\" target=\"_blank\">\n\t\t\t<svg xmlns=\"http:\/\/www.w3.org\/2000\/svg\" xmlns:xlink=\"http:\/\/www.w3.org\/1999\/xlink\" id=\"Camada_1\" x=\"0px\" y=\"0px\" viewBox=\"0 0 700 700\" style=\"enable-background:new 0 0 700 700;\" xml:space=\"preserve\"><path d=\"M553.9,406.3L361.4,598.8c-6.8,6.9-17.9,6.9-24.8,0.1c0,0-0.1-0.1-0.1-0.1L144.1,406.3c-6.9-6.9-6.9-18,0-24.9 c6.9-6.9,18-6.9,24.9,0l162.6,162.8V26.4c0-9.7,7.8-17.5,17.5-17.5s17.5,7.8,17.5,17.5v517.8l162.6-162.8c6.9-6.9,18-6.9,24.9,0 C560.8,388.3,560.8,399.5,553.9,406.3L553.9,406.3z\"><\/path><path d=\"M541.5,673.9h-385c-9.7,0-17.5-7.8-17.5-17.5c0-9.7,7.8-17.5,17.5-17.5h385c9.7,0,17.5,7.8,17.5,17.5 C559,666.1,551.2,673.9,541.5,673.9z\"><\/path><\/svg>\t\t\t<\/a>\n\t\t<\/div>\n\t\t\t\t\t\t<\/div>\n\t\t\t\t<\/div>\n\t\t\t\t<\/div>\n\t\t\t\t\t<\/div>\n\t\t\t\t<\/div>\n\t\t\t\t<\/div>\n\t\t","protected":false},"excerpt":{"rendered":"<p>Cr\u00e9ditos In\u00edcio Coordena\u00e7\u00e3o geral do projeto &#8211; Volkswagen do Brasil Maria Helena Zucchi CaladoMarcos Alexandre Martins Fotografia Acervo Volkswagen do Brasil Consultoria GRI, coordena\u00e7\u00e3o editorial e design Star7 Supervis\u00e3o: Vanessa FelixEdi\u00e7\u00e3o e reda\u00e7\u00e3o: Rafael BarbosaCria\u00e7\u00e3o: Tatiane RodriguesRevis\u00e3o: Frederico ThompsonAtendimento: Jo\u00e3o Vargas<\/p>\n","protected":false},"author":6,"featured_media":6070,"parent":0,"menu_order":0,"comment_status":"closed","ping_status":"closed","template":"elementor_header_footer","meta":{"footnotes":""},"class_list":["post-9876","page","type-page","status-publish","has-post-thumbnail","hentry"],"_links":{"self":[{"href":"https:\/\/www.relatostar.com.br\/2022\/wp-json\/wp\/v2\/pages\/9876","targetHints":{"allow":["GET"]}}],"collection":[{"href":"https:\/\/www.relatostar.com.br\/2022\/wp-json\/wp\/v2\/pages"}],"about":[{"href":"https:\/\/www.relatostar.com.br\/2022\/wp-json\/wp\/v2\/types\/page"}],"author":[{"embeddable":true,"href":"https:\/\/www.relatostar.com.br\/2022\/wp-json\/wp\/v2\/users\/6"}],"replies":[{"embeddable":true,"href":"https:\/\/www.relatostar.com.br\/2022\/wp-json\/wp\/v2\/comments?post=9876"}],"version-history":[{"count":21,"href":"https:\/\/www.relatostar.com.br\/2022\/wp-json\/wp\/v2\/pages\/9876\/revisions"}],"predecessor-version":[{"id":16188,"href":"https:\/\/www.relatostar.com.br\/2022\/wp-json\/wp\/v2\/pages\/9876\/revisions\/16188"}],"wp:featuredmedia":[{"embeddable":true,"href":"https:\/\/www.relatostar.com.br\/2022\/wp-json\/wp\/v2\/media\/6070"}],"wp:attachment":[{"href":"https:\/\/www.relatostar.com.br\/2022\/wp-json\/wp\/v2\/media?parent=9876"}],"curies":[{"name":"wp","href":"https:\/\/api.w.org\/{rel}","templated":true}]}}