{"id":144,"date":"2022-02-08T14:35:05","date_gmt":"2022-02-08T17:35:05","guid":{"rendered":"https:\/\/www.relatostar.com.br\/2022\/?page_id=144"},"modified":"2023-04-19T09:47:28","modified_gmt":"2023-04-19T12:47:28","slug":"mensagem-do-ceo","status":"publish","type":"page","link":"https:\/\/www.relatostar.com.br\/2022\/mensagem-do-ceo\/","title":{"rendered":"1) Mensagem do CEO"},"content":{"rendered":"\t\t<div data-elementor-type=\"wp-page\" data-elementor-id=\"144\" class=\"elementor elementor-144\" data-elementor-post-type=\"page\">\n\t\t\t\t\t\t<section class=\"elementor-section elementor-top-section elementor-element elementor-element-8eec266 elementor-section-full_width elementor-section-stretched elementor-section-height-min-height elementor-section-height-default elementor-section-items-middle\" data-id=\"8eec266\" data-element_type=\"section\" data-e-type=\"section\" data-settings=\"{&quot;stretch_section&quot;:&quot;section-stretched&quot;,&quot;jet_parallax_layout_list&quot;:[{&quot;_id&quot;:&quot;6f7dc5d&quot;,&quot;jet_parallax_layout_image&quot;:{&quot;url&quot;:&quot;&quot;,&quot;id&quot;:&quot;&quot;,&quot;size&quot;:&quot;&quot;},&quot;jet_parallax_layout_image_laptop&quot;:{&quot;url&quot;:&quot;&quot;,&quot;id&quot;:&quot;&quot;,&quot;size&quot;:&quot;&quot;},&quot;jet_parallax_layout_image_tablet&quot;:{&quot;url&quot;:&quot;&quot;,&quot;id&quot;:&quot;&quot;,&quot;size&quot;:&quot;&quot;},&quot;jet_parallax_layout_image_mobile&quot;:{&quot;url&quot;:&quot;&quot;,&quot;id&quot;:&quot;&quot;,&quot;size&quot;:&quot;&quot;},&quot;jet_parallax_layout_speed&quot;:{&quot;unit&quot;:&quot;%&quot;,&quot;size&quot;:50,&quot;sizes&quot;:[]},&quot;jet_parallax_layout_type&quot;:&quot;scroll&quot;,&quot;jet_parallax_layout_direction&quot;:null,&quot;jet_parallax_layout_fx_direction&quot;:null,&quot;jet_parallax_layout_z_index&quot;:&quot;&quot;,&quot;jet_parallax_layout_bg_x&quot;:50,&quot;jet_parallax_layout_bg_x_laptop&quot;:&quot;&quot;,&quot;jet_parallax_layout_bg_x_tablet&quot;:&quot;&quot;,&quot;jet_parallax_layout_bg_x_mobile&quot;:&quot;&quot;,&quot;jet_parallax_layout_bg_y&quot;:50,&quot;jet_parallax_layout_bg_y_laptop&quot;:&quot;&quot;,&quot;jet_parallax_layout_bg_y_tablet&quot;:&quot;&quot;,&quot;jet_parallax_layout_bg_y_mobile&quot;:&quot;&quot;,&quot;jet_parallax_layout_bg_size&quot;:&quot;auto&quot;,&quot;jet_parallax_layout_bg_size_laptop&quot;:&quot;&quot;,&quot;jet_parallax_layout_bg_size_tablet&quot;:&quot;&quot;,&quot;jet_parallax_layout_bg_size_mobile&quot;:&quot;&quot;,&quot;jet_parallax_layout_animation_prop&quot;:&quot;transform&quot;,&quot;jet_parallax_layout_on&quot;:[&quot;desktop&quot;,&quot;tablet&quot;]}],&quot;background_background&quot;:&quot;classic&quot;}\">\n\t\t\t\t\t\t<div class=\"elementor-container elementor-column-gap-default\">\n\t\t\t\t\t<div class=\"elementor-column elementor-col-100 elementor-top-column elementor-element elementor-element-4a415323\" data-id=\"4a415323\" data-element_type=\"column\" data-e-type=\"column\">\n\t\t\t<div class=\"elementor-widget-wrap\">\n\t\t\t\t\t\t\t<\/div>\n\t\t<\/div>\n\t\t\t\t\t<\/div>\n\t\t<\/section>\n\t\t<div class=\"elementor-element elementor-element-80b4853 e-con-full e-flex e-con e-parent\" data-id=\"80b4853\" data-element_type=\"container\" data-e-type=\"container\" data-settings=\"{&quot;jet_parallax_layout_list&quot;:[]}\">\n\t\t<div class=\"elementor-element elementor-element-8ceb6d9 e-con-full e-flex e-con e-child\" data-id=\"8ceb6d9\" data-element_type=\"container\" data-e-type=\"container\" data-settings=\"{&quot;jet_parallax_layout_list&quot;:[],&quot;motion_fx_motion_fx_scrolling&quot;:&quot;yes&quot;,&quot;motion_fx_translateY_effect&quot;:&quot;yes&quot;,&quot;motion_fx_translateY_speed&quot;:{&quot;unit&quot;:&quot;px&quot;,&quot;size&quot;:3,&quot;sizes&quot;:[]},&quot;motion_fx_translateY_affectedRange&quot;:{&quot;unit&quot;:&quot;%&quot;,&quot;size&quot;:&quot;&quot;,&quot;sizes&quot;:{&quot;start&quot;:30,&quot;end&quot;:100}},&quot;motion_fx_devices&quot;:[&quot;desktop&quot;,&quot;laptop&quot;,&quot;tablet&quot;,&quot;mobile&quot;]}\">\n\t\t<div class=\"elementor-element elementor-element-8017cf1 e-con-full hBxaPT e-flex e-con e-child\" data-id=\"8017cf1\" data-element_type=\"container\" data-e-type=\"container\" data-settings=\"{&quot;background_background&quot;:&quot;classic&quot;,&quot;jet_parallax_layout_list&quot;:[]}\">\n\t\t\t\t<div class=\"elementor-element elementor-element-93e3193 elementor-widget elementor-widget-heading\" data-id=\"93e3193\" data-element_type=\"widget\" data-e-type=\"widget\" data-widget_type=\"heading.default\">\n\t\t\t\t<div class=\"elementor-widget-container\">\n\t\t\t\t\t<span class=\"elementor-heading-title elementor-size-default\">Mensagem do CEO<\/span>\t\t\t\t<\/div>\n\t\t\t\t<\/div>\n\t\t\t\t<\/div>\n\t\t<div class=\"elementor-element elementor-element-50fb1e8 e-con-full e-flex e-con e-child\" data-id=\"50fb1e8\" data-element_type=\"container\" data-e-type=\"container\" data-settings=\"{&quot;jet_parallax_layout_list&quot;:[]}\">\n\t\t\t\t<div class=\"elementor-element elementor-element-7001316 elementor-icon-list--layout-traditional elementor-list-item-link-full_width elementor-widget elementor-widget-icon-list\" data-id=\"7001316\" data-element_type=\"widget\" data-e-type=\"widget\" data-widget_type=\"icon-list.default\">\n\t\t\t\t<div class=\"elementor-widget-container\">\n\t\t\t\t\t\t\t<ul class=\"elementor-icon-list-items\">\n\t\t\t\t\t\t\t<li class=\"elementor-icon-list-item\">\n\t\t\t\t\t\t\t\t\t\t\t<a href=\"https:\/\/www.relatostar.com.br\/2022\/\">\n\n\t\t\t\t\t\t\t\t\t\t\t<span class=\"elementor-icon-list-text\">In\u00edcio<\/span>\n\t\t\t\t\t\t\t\t\t\t\t<\/a>\n\t\t\t\t\t\t\t\t\t<\/li>\n\t\t\t\t\t\t<\/ul>\n\t\t\t\t\t\t<\/div>\n\t\t\t\t<\/div>\n\t\t\t\t<div class=\"elementor-element elementor-element-cc486fd elementor-icon-list--layout-traditional elementor-list-item-link-full_width elementor-widget elementor-widget-icon-list\" data-id=\"cc486fd\" data-element_type=\"widget\" data-e-type=\"widget\" data-widget_type=\"icon-list.default\">\n\t\t\t\t<div class=\"elementor-widget-container\">\n\t\t\t\t\t\t\t<ul class=\"elementor-icon-list-items\">\n\t\t\t\t\t\t\t<li class=\"elementor-icon-list-item\">\n\t\t\t\t\t\t\t\t\t\t\t<a href=\"https:\/\/www.relatostar.com.br\/2022\/a-volkswagen-do-brasil\/\">\n\n\t\t\t\t\t\t\t\t\t\t\t\t<span class=\"elementor-icon-list-icon\">\n\t\t\t\t\t\t\t<i aria-hidden=\"true\" class=\"fas fa-caret-right\"><\/i>\t\t\t\t\t\t<\/span>\n\t\t\t\t\t\t\t\t\t\t<span class=\"elementor-icon-list-text\">A Volkswagen do Brasil<\/span>\n\t\t\t\t\t\t\t\t\t\t\t<\/a>\n\t\t\t\t\t\t\t\t\t<\/li>\n\t\t\t\t\t\t<\/ul>\n\t\t\t\t\t\t<\/div>\n\t\t\t\t<\/div>\n\t\t\t\t<\/div>\n\t\t\t\t<\/div>\n\t\t\t\t<\/div>\n\t\t\t\t<section class=\"elementor-section elementor-top-section elementor-element elementor-element-c8db9f0 pd-section elementor-section-boxed elementor-section-height-default elementor-section-height-default\" data-id=\"c8db9f0\" data-element_type=\"section\" data-e-type=\"section\" data-settings=\"{&quot;jet_parallax_layout_list&quot;:[]}\">\n\t\t\t\t\t\t<div class=\"elementor-container elementor-column-gap-default\">\n\t\t\t\t\t<div class=\"elementor-column elementor-col-100 elementor-top-column elementor-element elementor-element-83aa845\" data-id=\"83aa845\" data-element_type=\"column\" data-e-type=\"column\">\n\t\t\t<div class=\"elementor-widget-wrap elementor-element-populated\">\n\t\t\t\t\t\t<div class=\"elementor-element elementor-element-471030b elementor-widget elementor-widget-heading\" data-id=\"471030b\" data-element_type=\"widget\" data-e-type=\"widget\" data-widget_type=\"heading.default\">\n\t\t\t\t<div class=\"elementor-widget-container\">\n\t\t\t\t\t<h2 class=\"elementor-heading-title elementor-size-default\">Nova estrat\u00e9gia para acelerar resultados<\/h2>\t\t\t\t<\/div>\n\t\t\t\t<\/div>\n\t\t\t\t<div class=\"elementor-element elementor-element-77091e1 elementor-widget elementor-widget-text-editor\" data-id=\"77091e1\" data-element_type=\"widget\" data-e-type=\"widget\" data-widget_type=\"text-editor.default\">\n\t\t\t\t<div class=\"elementor-widget-container\">\n\t\t\t\t\t\t\t\t\t<p>(GRI 2-22)<\/p>\t\t\t\t\t\t\t\t<\/div>\n\t\t\t\t<\/div>\n\t\t\t\t<div class=\"elementor-element elementor-element-6638319 elementor-widget elementor-widget-text-editor\" data-id=\"6638319\" data-element_type=\"widget\" data-e-type=\"widget\" data-widget_type=\"text-editor.default\">\n\t\t\t\t<div class=\"elementor-widget-container\">\n\t\t\t\t\t\t\t\t\t<p>A agilidade nas respostas e as solu\u00e7\u00f5es aos desafios, aliadas \u00e0 otimiza\u00e7\u00e3o dos nossos processos e a um time forte, inventivo, marcaram 2022 na Volkswagen do Brasil. Este ano demos uma nova cara \u00e0 nossa estrat\u00e9gia de neg\u00f3cios com o ACELERA VW, um projeto com cinco frentes de atua\u00e7\u00e3o (Pessoas, Produtos, Processos, Clientes e Sustentabilidade) que guiar\u00e1 nossas a\u00e7\u00f5es at\u00e9 2025. A partir dele, refor\u00e7amos nossas iniciativas ESG (ambientais, sociais e de governan\u00e7a) e o foco total no cliente, injetando for\u00e7as para a segunda Ofensiva de Produtos, que prev\u00ea 15 lan\u00e7amentos no mercado.<\/p><p>O cuidado com as<b>\u00a0Pessoas,\u00a0<\/b>no \u00e2mbito da Nossa VW, resultou no selo Great Place to Work (GPTW). Demos importantes passos em 2022 para sermos uma empresa mais diversa e inclusiva, especialmente na amplia\u00e7\u00e3o de mulheres na lideran\u00e7a, avan\u00e7ando em nosso compromisso p\u00fablico de ter essa participa\u00e7\u00e3o em 30% nos pr\u00f3ximos tr\u00eas anos.<\/p>\t\t\t\t\t\t\t\t<\/div>\n\t\t\t\t<\/div>\n\t\t\t\t\t<\/div>\n\t\t<\/div>\n\t\t\t\t\t<\/div>\n\t\t<\/section>\n\t\t\t\t<section class=\"elementor-section elementor-top-section elementor-element elementor-element-01e9cee pd-section-um elementor-section-boxed elementor-section-height-default elementor-section-height-default\" data-id=\"01e9cee\" data-element_type=\"section\" data-e-type=\"section\" data-settings=\"{&quot;jet_parallax_layout_list&quot;:[]}\">\n\t\t\t\t\t\t<div class=\"elementor-container elementor-column-gap-default\">\n\t\t\t\t\t<div class=\"elementor-column elementor-col-100 elementor-top-column elementor-element elementor-element-ab1942d\" data-id=\"ab1942d\" data-element_type=\"column\" data-e-type=\"column\">\n\t\t\t<div class=\"elementor-widget-wrap elementor-element-populated\">\n\t\t\t\t\t\t<div class=\"elementor-element elementor-element-167ca1a elementor-widget elementor-widget-image\" data-id=\"167ca1a\" data-element_type=\"widget\" data-e-type=\"widget\" data-settings=\"{&quot;sticky_parent&quot;:&quot;yes&quot;,&quot;sticky&quot;:&quot;top&quot;,&quot;sticky_on&quot;:[&quot;desktop&quot;],&quot;sticky_offset&quot;:70,&quot;sticky_effects_offset&quot;:10,&quot;sticky_anchor_link_offset&quot;:0}\" data-widget_type=\"image.default\">\n\t\t\t\t<div class=\"elementor-widget-container\">\n\t\t\t\t\t\t\t\t\t\t\t\t\t\t\t<img fetchpriority=\"high\" decoding=\"async\" width=\"1246\" height=\"686\" src=\"https:\/\/www.relatostar.com.br\/2022\/wp-content\/uploads\/2023\/03\/5144b0c6-6f17-4e70-b3f5-175f541978f9.png\" class=\"attachment-full size-full wp-image-14056\" alt=\"\" \/>\t\t\t\t\t\t\t\t\t\t\t\t\t\t\t<\/div>\n\t\t\t\t<\/div>\n\t\t\t\t\t<\/div>\n\t\t<\/div>\n\t\t\t\t\t<\/div>\n\t\t<\/section>\n\t\t\t\t<section class=\"elementor-section elementor-top-section elementor-element elementor-element-def07d8 pd-section elementor-section-boxed elementor-section-height-default elementor-section-height-default\" data-id=\"def07d8\" data-element_type=\"section\" data-e-type=\"section\" data-settings=\"{&quot;jet_parallax_layout_list&quot;:[]}\">\n\t\t\t\t\t\t<div class=\"elementor-container elementor-column-gap-default\">\n\t\t\t\t\t<div class=\"elementor-column elementor-col-100 elementor-top-column elementor-element elementor-element-fb5f3a3\" data-id=\"fb5f3a3\" data-element_type=\"column\" data-e-type=\"column\">\n\t\t\t<div class=\"elementor-widget-wrap elementor-element-populated\">\n\t\t\t\t\t\t<div class=\"elementor-element elementor-element-9645f1a elementor-widget elementor-widget-text-editor\" data-id=\"9645f1a\" data-element_type=\"widget\" data-e-type=\"widget\" data-widget_type=\"text-editor.default\">\n\t\t\t\t<div class=\"elementor-widget-container\">\n\t\t\t\t\t\t\t\t\t<p>Na linha de <b>Produtos<\/b>, iniciamos com sucesso a renova\u00e7\u00e3o do nosso portf\u00f3lio a partir das entregas do Jetta GLI, Novo Polo (recorde em pr\u00e9-venda) e a passagem de bast\u00e3o do Gol, com uma edi\u00e7\u00e3o especial de despedida, para o Polo Track, que renovou nosso segmento de entrada. Ressalto ainda o desempenho da Marca entre os SUVs compactos e os investimentos para a descarboniza\u00e7\u00e3o dos nossos produtos, com modelos el\u00e9tricos que ser\u00e3o em breve apresentados.<\/p><p>Seguimos nossas metas para simplificar a VW com <b>Processos <\/b>enxutos e digitais, potencializar as opera\u00e7\u00f5es e garantir a seguran\u00e7a no fornecimento\u00a0de pe\u00e7as, tornando nossos resultados mais eficientes. Tudo isso nos direciona a uma cultura centrada no <b>Cliente<\/b>, fortalecida a cada ano para al\u00e7ar nossa Marca entre as Top 3 em vendas na pesquisa CSI (Customer Satisfaction Index).<\/p>\t\t\t\t\t\t\t\t<\/div>\n\t\t\t\t<\/div>\n\t\t\t\t\t<\/div>\n\t\t<\/div>\n\t\t\t\t\t<\/div>\n\t\t<\/section>\n\t\t\t\t<section class=\"elementor-section elementor-top-section elementor-element elementor-element-6fcc4af elementor-section-boxed elementor-section-height-default elementor-section-height-default\" data-id=\"6fcc4af\" data-element_type=\"section\" data-e-type=\"section\" data-settings=\"{&quot;jet_parallax_layout_list&quot;:[]}\">\n\t\t\t\t\t\t<div class=\"elementor-container elementor-column-gap-default\">\n\t\t\t\t\t<div class=\"elementor-column elementor-col-50 elementor-top-column elementor-element elementor-element-6acfe84\" data-id=\"6acfe84\" data-element_type=\"column\" data-e-type=\"column\">\n\t\t\t<div class=\"elementor-widget-wrap elementor-element-populated\">\n\t\t\t\t\t\t<div class=\"elementor-element elementor-element-3412746 elementor-widget elementor-widget-text-editor\" data-id=\"3412746\" data-element_type=\"widget\" data-e-type=\"widget\" data-widget_type=\"text-editor.default\">\n\t\t\t\t<div class=\"elementor-widget-container\">\n\t\t\t\t\t\t\t\t\t<p>N\u00e3o poupamos esfor\u00e7os para ampliar a <b>Sustentabilidade <\/b>na empresa, com metas para zerar as emiss\u00f5es nas f\u00e1bricas e, financeiramente, atingir a d\u00edvida zero at\u00e9 2024. Inauguramos o Way to Zero Center e firmamos parceria com 10 universidades, impulsionando pesquisas locais sobre efici\u00eancia energ\u00e9tica e uso de fontes de energia de baixo carbono. Outra a\u00e7\u00e3o importante foi o acordo com a Ra\u00edzen no fornecimento de g\u00e1s biometano renov\u00e1vel para opera\u00e7\u00e3o de nossas f\u00e1bricas. Hoje somos certificados em todas as plantas pelo uso de energia el\u00e9trica 100% proveniente de fontes renov\u00e1veis.<\/p>\t\t\t\t\t\t\t\t<\/div>\n\t\t\t\t<\/div>\n\t\t\t\t\t<\/div>\n\t\t<\/div>\n\t\t\t\t<div class=\"elementor-column elementor-col-50 elementor-top-column elementor-element elementor-element-e6f2d4f\" data-id=\"e6f2d4f\" data-element_type=\"column\" data-e-type=\"column\">\n\t\t\t<div class=\"elementor-widget-wrap elementor-element-populated\">\n\t\t\t\t\t\t<div class=\"elementor-element elementor-element-98cba58 elementor-widget elementor-widget-image\" data-id=\"98cba58\" data-element_type=\"widget\" data-e-type=\"widget\" data-widget_type=\"image.default\">\n\t\t\t\t<div class=\"elementor-widget-container\">\n\t\t\t\t\t\t\t\t\t\t\t\t\t\t\t<img decoding=\"async\" width=\"800\" height=\"450\" src=\"https:\/\/www.relatostar.com.br\/2022\/wp-content\/uploads\/2023\/03\/96b63969-99c3-4a94-a414-833d71adc0d4-1.jpeg\" class=\"attachment-large size-large wp-image-14052\" alt=\"\" \/>\t\t\t\t\t\t\t\t\t\t\t\t\t\t\t<\/div>\n\t\t\t\t<\/div>\n\t\t\t\t\t<\/div>\n\t\t<\/div>\n\t\t\t\t\t<\/div>\n\t\t<\/section>\n\t\t<div class=\"elementor-element elementor-element-aafe90a e-flex e-con-boxed e-con e-parent\" data-id=\"aafe90a\" data-element_type=\"container\" data-e-type=\"container\" data-settings=\"{&quot;jet_parallax_layout_list&quot;:[]}\">\n\t\t\t\t\t<div class=\"e-con-inner\">\n\t\t\t\t<div class=\"elementor-element elementor-element-558c515 elementor-widget elementor-widget-text-editor\" data-id=\"558c515\" data-element_type=\"widget\" data-e-type=\"widget\" data-widget_type=\"text-editor.default\">\n\t\t\t\t<div class=\"elementor-widget-container\">\n\t\t\t\t\t\t\t\t\t<p>Por fim, destaco que, entre todos os obst\u00e1culos de 2022, a escassez de componentes (sobretudo semicondutores), mudan\u00e7as na legisla\u00e7\u00e3o e a crise na log\u00edstica global tiveram impacto consider\u00e1vel na produ\u00e7\u00e3o da Volkswagen do Brasil, principalmente no primeiro quadrimestre do ano. O que poderia ser sinal de um ano adverso foi transformado em recupera\u00e7\u00f5es e viradas ao longo dos meses seguintes gra\u00e7as ao empenho e \u00e0 criatividade da nossa equipe. Garantimos, assim, resultados positivos pelo terceiro ano consecutivo, pavimentando caminhos para que a empresa acelere nos pr\u00f3ximos anos.<\/p><p>Agora, em 2023, comemoramos os 70 anos da VW no Brasil. Lan\u00e7amos o olhar para o futuro cientes do nosso progressivo crescimento rumo \u00e0 sustentabilidade ao longo dessas sete d\u00e9cadas.<\/p><p>O resumo do que percorremos em 2022 est\u00e1 reunido nos pr\u00f3ximos cap\u00edtulos.<br \/>Tenha uma boa leitura!<\/p><p><b>Ciro Possobom<\/b><br \/>CEO da Volkswagen do Brasil<\/p>\t\t\t\t\t\t\t\t<\/div>\n\t\t\t\t<\/div>\n\t\t\t\t\t<\/div>\n\t\t\t\t<\/div>\n\t\t<div class=\"elementor-element elementor-element-7b868e2 e-flex e-con-boxed e-con e-parent\" data-id=\"7b868e2\" data-element_type=\"container\" data-e-type=\"container\" data-settings=\"{&quot;jet_parallax_layout_list&quot;:[]}\">\n\t\t\t\t\t<div class=\"e-con-inner\">\n\t\t<div class=\"elementor-element elementor-element-cddedbe e-con-full e-flex e-con e-child\" data-id=\"cddedbe\" data-element_type=\"container\" data-e-type=\"container\" data-settings=\"{&quot;jet_parallax_layout_list&quot;:[]}\">\n\t\t\t\t<div class=\"elementor-element elementor-element-c1ccec8 elementor-view-framed elementor-widget__width-auto elementor-fixed elementor-shape-circle elementor-widget elementor-widget-icon\" data-id=\"c1ccec8\" data-element_type=\"widget\" data-e-type=\"widget\" data-settings=\"{&quot;_position&quot;:&quot;fixed&quot;}\" data-widget_type=\"icon.default\">\n\t\t\t\t<div class=\"elementor-widget-container\">\n\t\t\t\t\t\t\t<div class=\"elementor-icon-wrapper\">\n\t\t\t<a class=\"elementor-icon\" href=\"https:\/\/www.relatostar.com.br\/2022\/wp-content\/uploads\/2023\/04\/Mensagem-do-CEO-Anuario-Volkswagen-do-Brasil-2022.pdf\" target=\"_blank\">\n\t\t\t<svg xmlns=\"http:\/\/www.w3.org\/2000\/svg\" xmlns:xlink=\"http:\/\/www.w3.org\/1999\/xlink\" id=\"Camada_1\" x=\"0px\" y=\"0px\" viewBox=\"0 0 700 700\" style=\"enable-background:new 0 0 700 700;\" xml:space=\"preserve\"><path d=\"M553.9,406.3L361.4,598.8c-6.8,6.9-17.9,6.9-24.8,0.1c0,0-0.1-0.1-0.1-0.1L144.1,406.3c-6.9-6.9-6.9-18,0-24.9 c6.9-6.9,18-6.9,24.9,0l162.6,162.8V26.4c0-9.7,7.8-17.5,17.5-17.5s17.5,7.8,17.5,17.5v517.8l162.6-162.8c6.9-6.9,18-6.9,24.9,0 C560.8,388.3,560.8,399.5,553.9,406.3L553.9,406.3z\"><\/path><path d=\"M541.5,673.9h-385c-9.7,0-17.5-7.8-17.5-17.5c0-9.7,7.8-17.5,17.5-17.5h385c9.7,0,17.5,7.8,17.5,17.5 C559,666.1,551.2,673.9,541.5,673.9z\"><\/path><\/svg>\t\t\t<\/a>\n\t\t<\/div>\n\t\t\t\t\t\t<\/div>\n\t\t\t\t<\/div>\n\t\t\t\t<div class=\"elementor-element elementor-element-3b367a5 elementor-view-framed elementor-widget__width-auto elementor-fixed elementor-shape-circle elementor-widget elementor-widget-icon\" data-id=\"3b367a5\" data-element_type=\"widget\" data-e-type=\"widget\" data-settings=\"{&quot;_position&quot;:&quot;fixed&quot;}\" data-widget_type=\"icon.default\">\n\t\t\t\t<div class=\"elementor-widget-container\">\n\t\t\t\t\t\t\t<div class=\"elementor-icon-wrapper\">\n\t\t\t<a class=\"elementor-icon\" href=\"#elementor-action%3Aaction%3Dpopup%3Aopen%26settings%3DeyJpZCI6IjIyMTciLCJ0b2dnbGUiOmZhbHNlfQ%3D%3D\" target=\"_blank\">\n\t\t\t<svg xmlns=\"http:\/\/www.w3.org\/2000\/svg\" id=\"Camada_1\" data-name=\"Camada 1\" viewBox=\"0 0 283.46 283.46\"><defs><style>.cls-1{fill:#1e2749;}<\/style><\/defs><path class=\"cls-1\" d=\"M217,280.37c-2.16-.53-4.32-1-6.47-1.58-22.38-5.65-38.19-26.54-37.25-49.57a74.07,74.07,0,0,1,2.16-12.74c.36-1.58.35-2.37-1.18-3.22Q138,193.09,101.82,172.75c-1.61-.91-2.32-.41-3.31.77a48,48,0,0,1-31.44,17.33,49,49,0,0,1-50.54-26.48c-14.87-29.32,1.28-64,33.41-71.05C69,89.13,85.33,95.07,98.38,109.69c.48.53,1,1.07,1.56,1.76L175,69.55c-.64-6.81-1.84-13.21-1.72-19.59.39-22.66,19.65-43.26,42.09-46.38a50.27,50.27,0,0,1,54.32,33c10.11,28.85-9.4,61.08-39.76,65.06-18,2.35-33-3.4-44.94-17-1.31-1.49-2.19-1.5-3.81-.59q-35.83,20.1-71.75,40c-1.7,1-2,1.77-1.4,3.57a46.26,46.26,0,0,1,0,27.94c-.62,2-.06,2.79,1.63,3.73q35.79,19.88,71.5,39.93c1.69.95,2.61,1,4-.6,13.06-14.61,29.42-20.44,48.47-16.11C253.35,187,266,199.74,271,219.35c7.15,27.77-12.63,56.76-40.91,60.48a11.38,11.38,0,0,0-1.78.54Zm39.67-49.63a33.93,33.93,0,1,0-33.81,33.94A33.72,33.72,0,0,0,256.65,230.74Zm0-177.8c.13-18.52-14.83-34-33.06-34.14-19.15-.19-34.68,14.82-34.78,33.59a33.92,33.92,0,1,0,67.84.55Zm-196,122.68A34,34,0,1,0,26.74,141.8,34.08,34.08,0,0,0,60.67,175.62Z\"><\/path><\/svg>\t\t\t<\/a>\n\t\t<\/div>\n\t\t\t\t\t\t<\/div>\n\t\t\t\t<\/div>\n\t\t\t\t<\/div>\n\t\t\t\t\t<\/div>\n\t\t\t\t<\/div>\n\t\t\t\t<\/div>\n\t\t","protected":false},"excerpt":{"rendered":"<p>Mensagem do CEO In\u00edcio A Volkswagen do Brasil Nova estrat\u00e9gia para acelerar resultados (GRI 2-22) A agilidade nas respostas e as solu\u00e7\u00f5es aos desafios, aliadas \u00e0 otimiza\u00e7\u00e3o dos nossos processos e a um time forte, inventivo, marcaram 2022 na Volkswagen do Brasil. Este ano demos uma nova cara \u00e0 nossa estrat\u00e9gia de neg\u00f3cios com o [&hellip;]<\/p>\n","protected":false},"author":2,"featured_media":6070,"parent":0,"menu_order":0,"comment_status":"closed","ping_status":"closed","template":"elementor_header_footer","meta":{"footnotes":""},"class_list":["post-144","page","type-page","status-publish","has-post-thumbnail","hentry"],"_links":{"self":[{"href":"https:\/\/www.relatostar.com.br\/2022\/wp-json\/wp\/v2\/pages\/144","targetHints":{"allow":["GET"]}}],"collection":[{"href":"https:\/\/www.relatostar.com.br\/2022\/wp-json\/wp\/v2\/pages"}],"about":[{"href":"https:\/\/www.relatostar.com.br\/2022\/wp-json\/wp\/v2\/types\/page"}],"author":[{"embeddable":true,"href":"https:\/\/www.relatostar.com.br\/2022\/wp-json\/wp\/v2\/users\/2"}],"replies":[{"embeddable":true,"href":"https:\/\/www.relatostar.com.br\/2022\/wp-json\/wp\/v2\/comments?post=144"}],"version-history":[{"count":95,"href":"https:\/\/www.relatostar.com.br\/2022\/wp-json\/wp\/v2\/pages\/144\/revisions"}],"predecessor-version":[{"id":16483,"href":"https:\/\/www.relatostar.com.br\/2022\/wp-json\/wp\/v2\/pages\/144\/revisions\/16483"}],"wp:featuredmedia":[{"embeddable":true,"href":"https:\/\/www.relatostar.com.br\/2022\/wp-json\/wp\/v2\/media\/6070"}],"wp:attachment":[{"href":"https:\/\/www.relatostar.com.br\/2022\/wp-json\/wp\/v2\/media?parent=144"}],"curies":[{"name":"wp","href":"https:\/\/api.w.org\/{rel}","templated":true}]}}