{"id":3246,"date":"2022-03-11T15:42:01","date_gmt":"2022-03-11T18:42:01","guid":{"rendered":"https:\/\/www.relatostar.com.br\/2021\/?page_id=3246"},"modified":"2022-03-11T15:46:29","modified_gmt":"2022-03-11T18:46:29","slug":"creditos","status":"publish","type":"page","link":"https:\/\/www.relatostar.com.br\/2021\/creditos\/","title":{"rendered":"Cr\u00e9ditos"},"content":{"rendered":"\t\t<div data-elementor-type=\"wp-page\" data-elementor-id=\"3246\" class=\"elementor elementor-3246\" data-elementor-post-type=\"page\">\n\t\t\t\t\t\t<section class=\"elementor-section elementor-top-section elementor-element elementor-element-84f41ca elementor-section-boxed elementor-section-height-default elementor-section-height-default\" data-id=\"84f41ca\" data-element_type=\"section\" data-settings=\"{&quot;jet_parallax_layout_list&quot;:[]}\">\n\t\t\t\t\t\t<div class=\"elementor-container elementor-column-gap-default\">\n\t\t\t\t\t<div class=\"elementor-column elementor-col-100 elementor-top-column elementor-element elementor-element-d032027\" data-id=\"d032027\" data-element_type=\"column\">\n\t\t\t<div class=\"elementor-widget-wrap elementor-element-populated\">\n\t\t\t\t\t\t<div class=\"elementor-element elementor-element-107e1e5 elementor-widget elementor-widget-text-editor\" data-id=\"107e1e5\" data-element_type=\"widget\" data-widget_type=\"text-editor.default\">\n\t\t\t\t<div class=\"elementor-widget-container\">\n\t\t\t\t\t\t\t\t\t<section class=\"elementor-section elementor-top-section elementor-element elementor-element-7fec6f3 elementor-section-boxed elementor-section-height-default elementor-section-height-default\" data-id=\"7fec6f3\" data-element_type=\"section\"><div class=\"elementor-container elementor-column-gap-default\"><div class=\"elementor-column elementor-col-100 elementor-top-column elementor-element elementor-element-a142796\" data-id=\"a142796\" data-element_type=\"column\"><div class=\"elementor-widget-wrap elementor-element-populated\"><div class=\"elementor-element elementor-element-aab428e elementor-widget elementor-widget-heading\" data-id=\"aab428e\" data-element_type=\"widget\" data-widget_type=\"heading.default\"><div class=\"elementor-widget-container\"><h4 class=\"elementor-heading-title elementor-size-default\">Coordena\u00e7\u00e3o geral do projeto &#8211; Volkswagen do Brasil<\/h4><\/div><\/div><div class=\"elementor-element elementor-element-b91a256 elementor-widget elementor-widget-text-editor\" data-id=\"b91a256\" data-element_type=\"widget\" data-widget_type=\"text-editor.default\"><div class=\"elementor-widget-container\"><p>Christopher Davies Junior<br \/>Marcos Alexandre Martins<\/p><\/div><\/div><\/div><\/div><\/div><\/section><section class=\"elementor-section elementor-top-section elementor-element elementor-element-7f57207 elementor-section-full_width elementor-section-height-default elementor-section-height-default\" data-id=\"7f57207\" data-element_type=\"section\"><div class=\"elementor-container elementor-column-gap-default\"><div class=\"elementor-column elementor-col-100 elementor-top-column elementor-element elementor-element-587ca59\" data-id=\"587ca59\" data-element_type=\"column\"><div class=\"elementor-widget-wrap elementor-element-populated\"><div class=\"elementor-element elementor-element-c6a0f5c elementor-widget elementor-widget-heading\" data-id=\"c6a0f5c\" data-element_type=\"widget\" data-widget_type=\"heading.default\"><div class=\"elementor-widget-container\"><h4 class=\"elementor-heading-title elementor-size-default\">Fotografia<\/h4><\/div><\/div><div class=\"elementor-element elementor-element-69c59de elementor-widget elementor-widget-text-editor\" data-id=\"69c59de\" data-element_type=\"widget\" data-widget_type=\"text-editor.default\"><div class=\"elementor-widget-container\"><p>Acervo Volkswagen do Brasil<\/p><\/div><\/div><\/div><\/div><\/div><\/section><section class=\"elementor-section elementor-top-section elementor-element elementor-element-9e15203 elementor-section-full_width elementor-section-height-default elementor-section-height-default\" data-id=\"9e15203\" data-element_type=\"section\"><div class=\"elementor-container elementor-column-gap-default\"><div class=\"elementor-column elementor-col-100 elementor-top-column elementor-element elementor-element-8bab0fc\" data-id=\"8bab0fc\" data-element_type=\"column\"><div class=\"elementor-widget-wrap elementor-element-populated\"><div class=\"elementor-element elementor-element-54d8d68 elementor-widget elementor-widget-heading\" data-id=\"54d8d68\" data-element_type=\"widget\" data-widget_type=\"heading.default\"><div class=\"elementor-widget-container\"><h4 class=\"elementor-heading-title elementor-size-default\">Consultoria GRI, coordena\u00e7\u00e3o editorial e design<\/h4><\/div><\/div><div class=\"elementor-element elementor-element-1ac42d8 elementor-widget elementor-widget-text-editor\" data-id=\"1ac42d8\" data-element_type=\"widget\" data-widget_type=\"text-editor.default\"><div class=\"elementor-widget-container\"><p><strong><a href=\"https:\/\/www.star-7.com\/br\" target=\"_blank\" rel=\"noopener\">Star Comunica\u00e7\u00e3o<\/a><\/strong><br \/>Supervis\u00e3o: Vanessa Felix<br \/>Edi\u00e7\u00e3o e reda\u00e7\u00e3o: Rafael Barbosa<br \/>Revis\u00e3o: Frederico Thompson<\/p><\/div><\/div><\/div><\/div><\/div><\/section>\t\t\t\t\t\t\t\t<\/div>\n\t\t\t\t<\/div>\n\t\t\t\t\t<\/div>\n\t\t<\/div>\n\t\t\t\t\t<\/div>\n\t\t<\/section>\n\t\t\t\t<\/div>\n\t\t","protected":false},"excerpt":{"rendered":"<p>Coordena\u00e7\u00e3o geral do projeto &#8211; Volkswagen do Brasil Christopher Davies JuniorMarcos Alexandre Martins Fotografia Acervo Volkswagen do Brasil Consultoria GRI, coordena\u00e7\u00e3o editorial e design Star Comunica\u00e7\u00e3oSupervis\u00e3o: Vanessa FelixEdi\u00e7\u00e3o e reda\u00e7\u00e3o: Rafael BarbosaRevis\u00e3o: Frederico Thompson<\/p>\n","protected":false},"author":2,"featured_media":2099,"parent":0,"menu_order":0,"comment_status":"closed","ping_status":"closed","template":"","meta":{"footnotes":""},"class_list":["post-3246","page","type-page","status-publish","has-post-thumbnail","hentry"],"_links":{"self":[{"href":"https:\/\/www.relatostar.com.br\/2021\/wp-json\/wp\/v2\/pages\/3246","targetHints":{"allow":["GET"]}}],"collection":[{"href":"https:\/\/www.relatostar.com.br\/2021\/wp-json\/wp\/v2\/pages"}],"about":[{"href":"https:\/\/www.relatostar.com.br\/2021\/wp-json\/wp\/v2\/types\/page"}],"author":[{"embeddable":true,"href":"https:\/\/www.relatostar.com.br\/2021\/wp-json\/wp\/v2\/users\/2"}],"replies":[{"embeddable":true,"href":"https:\/\/www.relatostar.com.br\/2021\/wp-json\/wp\/v2\/comments?post=3246"}],"version-history":[{"count":1,"href":"https:\/\/www.relatostar.com.br\/2021\/wp-json\/wp\/v2\/pages\/3246\/revisions"}],"predecessor-version":[{"id":4571,"href":"https:\/\/www.relatostar.com.br\/2021\/wp-json\/wp\/v2\/pages\/3246\/revisions\/4571"}],"wp:featuredmedia":[{"embeddable":true,"href":"https:\/\/www.relatostar.com.br\/2021\/wp-json\/wp\/v2\/media\/2099"}],"wp:attachment":[{"href":"https:\/\/www.relatostar.com.br\/2021\/wp-json\/wp\/v2\/media?parent=3246"}],"curies":[{"name":"wp","href":"https:\/\/api.w.org\/{rel}","templated":true}]}}