{"id":2395,"date":"2022-03-07T16:55:06","date_gmt":"2022-03-07T19:55:06","guid":{"rendered":"https:\/\/www.relatostar.com.br\/2021\/?page_id=2395"},"modified":"2022-04-11T18:31:01","modified_gmt":"2022-04-11T21:31:01","slug":"download","status":"publish","type":"page","link":"https:\/\/www.relatostar.com.br\/2021\/download\/","title":{"rendered":"Download"},"content":{"rendered":"\t\t<div data-elementor-type=\"wp-page\" data-elementor-id=\"2395\" class=\"elementor elementor-2395\" data-elementor-post-type=\"page\">\n\t\t\t\t\t\t<section class=\"elementor-section elementor-top-section elementor-element elementor-element-1d588ec elementor-section-stretched elementor-hidden-desktop elementor-section-boxed elementor-section-height-default elementor-section-height-default\" data-id=\"1d588ec\" data-element_type=\"section\" data-settings=\"{&quot;stretch_section&quot;:&quot;section-stretched&quot;,&quot;jet_parallax_layout_list&quot;:[]}\">\n\t\t\t\t\t\t<div class=\"elementor-container elementor-column-gap-wide\">\n\t\t\t\t\t<div class=\"elementor-column elementor-col-100 elementor-top-column elementor-element elementor-element-b7136fa\" data-id=\"b7136fa\" data-element_type=\"column\">\n\t\t\t<div class=\"elementor-widget-wrap elementor-element-populated\">\n\t\t\t\t\t\t<div class=\"elementor-element elementor-element-a89b2aa elementor-widget elementor-widget-text-editor\" data-id=\"a89b2aa\" data-element_type=\"widget\" data-widget_type=\"text-editor.default\">\n\t\t\t\t<div class=\"elementor-widget-container\">\n\t\t\t\t\t\t\t\t\t<p>Os principais destaques do anu\u00e1rio est\u00e3o dispon\u00edveis para download. <br \/>Baixe a vers\u00e3o em PDF com o resumo de 2021 e guarde para futuras consultas.<\/p>\t\t\t\t\t\t\t\t<\/div>\n\t\t\t\t<\/div>\n\t\t\t\t<div class=\"elementor-element elementor-element-a102392 elementor-widget elementor-widget-image\" data-id=\"a102392\" data-element_type=\"widget\" data-widget_type=\"image.default\">\n\t\t\t\t<div class=\"elementor-widget-container\">\n\t\t\t\t\t\t\t\t\t\t\t\t\t\t\t<img fetchpriority=\"high\" decoding=\"async\" width=\"684\" height=\"1024\" src=\"https:\/\/www.relatostar.com.br\/2021\/wp-content\/uploads\/2022\/03\/capa-anuario-2021-LYR-684x1024.jpg\" class=\"attachment-large size-large wp-image-3995\" alt=\"\" srcset=\"https:\/\/www.relatostar.com.br\/2021\/wp-content\/uploads\/2022\/03\/capa-anuario-2021-LYR-684x1024.jpg 684w, https:\/\/www.relatostar.com.br\/2021\/wp-content\/uploads\/2022\/03\/capa-anuario-2021-LYR-200x300.jpg 200w, https:\/\/www.relatostar.com.br\/2021\/wp-content\/uploads\/2022\/03\/capa-anuario-2021-LYR-768x1150.jpg 768w, https:\/\/www.relatostar.com.br\/2021\/wp-content\/uploads\/2022\/03\/capa-anuario-2021-LYR.jpg 1000w\" sizes=\"(max-width: 684px) 100vw, 684px\" \/>\t\t\t\t\t\t\t\t\t\t\t\t\t\t\t<\/div>\n\t\t\t\t<\/div>\n\t\t\t\t<div class=\"elementor-element elementor-element-3cbe78e elementor-align-center elementor-widget elementor-widget-button\" data-id=\"3cbe78e\" data-element_type=\"widget\" data-widget_type=\"button.default\">\n\t\t\t\t<div class=\"elementor-widget-container\">\n\t\t\t\t\t\t\t\t\t<div class=\"elementor-button-wrapper\">\n\t\t\t\t\t<a class=\"elementor-button elementor-button-link elementor-size-sm\" href=\"http:\/\/www.starcomunicacao.com.br\/arquivos\/uploadnew\/data\/7000%20Anuario%20Volkswagen\/Download%20do%20site\/Anuario%20Sustentabilidade%20VWB%202021.pdf\" target=\"_blank\">\n\t\t\t\t\t\t<span class=\"elementor-button-content-wrapper\">\n\t\t\t\t\t\t\t\t\t<span class=\"elementor-button-text\">Clique aqui e baixe o arquivo.<\/span>\n\t\t\t\t\t<\/span>\n\t\t\t\t\t<\/a>\n\t\t\t\t<\/div>\n\t\t\t\t\t\t\t\t<\/div>\n\t\t\t\t<\/div>\n\t\t\t\t\t<\/div>\n\t\t<\/div>\n\t\t\t\t\t<\/div>\n\t\t<\/section>\n\t\t\t\t<section class=\"elementor-section elementor-top-section elementor-element elementor-element-679f54ed elementor-hidden-tablet elementor-hidden-mobile elementor-section-boxed elementor-section-height-default elementor-section-height-default\" data-id=\"679f54ed\" data-element_type=\"section\" data-settings=\"{&quot;jet_parallax_layout_list&quot;:[]}\">\n\t\t\t\t\t\t<div class=\"elementor-container elementor-column-gap-default\">\n\t\t\t\t\t<div class=\"elementor-column elementor-col-100 elementor-top-column elementor-element elementor-element-731e057\" data-id=\"731e057\" data-element_type=\"column\">\n\t\t\t<div class=\"elementor-widget-wrap elementor-element-populated\">\n\t\t\t\t\t\t<div class=\"elementor-element elementor-element-377c493 elementor-widget elementor-widget-text-editor\" data-id=\"377c493\" data-element_type=\"widget\" data-widget_type=\"text-editor.default\">\n\t\t\t\t<div class=\"elementor-widget-container\">\n\t\t\t\t\t\t\t\t\t<p>Os principais destaques do anu\u00e1rio est\u00e3o dispon\u00edveis para download. <br \/>Baixe a vers\u00e3o em PDF com o resumo de 2021 e guarde para futuras consultas.<\/p>\t\t\t\t\t\t\t\t<\/div>\n\t\t\t\t<\/div>\n\t\t\t\t\t<\/div>\n\t\t<\/div>\n\t\t\t\t\t<\/div>\n\t\t<\/section>\n\t\t\t\t<section class=\"elementor-section elementor-top-section elementor-element elementor-element-3b02201 elementor-hidden-tablet elementor-hidden-mobile elementor-section-boxed elementor-section-height-default elementor-section-height-default\" data-id=\"3b02201\" data-element_type=\"section\" data-settings=\"{&quot;jet_parallax_layout_list&quot;:[]}\">\n\t\t\t\t\t\t<div class=\"elementor-container elementor-column-gap-default\">\n\t\t\t\t\t<div class=\"elementor-column elementor-col-33 elementor-top-column elementor-element elementor-element-ecc254b\" data-id=\"ecc254b\" data-element_type=\"column\">\n\t\t\t<div class=\"elementor-widget-wrap\">\n\t\t\t\t\t\t\t<\/div>\n\t\t<\/div>\n\t\t\t\t<div class=\"elementor-column elementor-col-33 elementor-top-column elementor-element elementor-element-1310d78\" data-id=\"1310d78\" data-element_type=\"column\">\n\t\t\t<div class=\"elementor-widget-wrap elementor-element-populated\">\n\t\t\t\t\t\t<div class=\"elementor-element elementor-element-a215f30 elementor-widget elementor-widget-image\" data-id=\"a215f30\" data-element_type=\"widget\" data-widget_type=\"image.default\">\n\t\t\t\t<div class=\"elementor-widget-container\">\n\t\t\t\t\t\t\t\t\t\t\t\t\t\t\t<img fetchpriority=\"high\" decoding=\"async\" width=\"684\" height=\"1024\" src=\"https:\/\/www.relatostar.com.br\/2021\/wp-content\/uploads\/2022\/03\/capa-anuario-2021-LYR-684x1024.jpg\" class=\"attachment-large size-large wp-image-3995\" alt=\"\" srcset=\"https:\/\/www.relatostar.com.br\/2021\/wp-content\/uploads\/2022\/03\/capa-anuario-2021-LYR-684x1024.jpg 684w, https:\/\/www.relatostar.com.br\/2021\/wp-content\/uploads\/2022\/03\/capa-anuario-2021-LYR-200x300.jpg 200w, https:\/\/www.relatostar.com.br\/2021\/wp-content\/uploads\/2022\/03\/capa-anuario-2021-LYR-768x1150.jpg 768w, https:\/\/www.relatostar.com.br\/2021\/wp-content\/uploads\/2022\/03\/capa-anuario-2021-LYR.jpg 1000w\" sizes=\"(max-width: 684px) 100vw, 684px\" \/>\t\t\t\t\t\t\t\t\t\t\t\t\t\t\t<\/div>\n\t\t\t\t<\/div>\n\t\t\t\t<div class=\"elementor-element elementor-element-2e58963 elementor-align-center elementor-widget elementor-widget-button\" data-id=\"2e58963\" data-element_type=\"widget\" data-widget_type=\"button.default\">\n\t\t\t\t<div class=\"elementor-widget-container\">\n\t\t\t\t\t\t\t\t\t<div class=\"elementor-button-wrapper\">\n\t\t\t\t\t<a class=\"elementor-button elementor-button-link elementor-size-sm\" href=\"http:\/\/www.starcomunicacao.com.br\/arquivos\/uploadnew\/data\/7000%20Anuario%20Volkswagen\/Download%20do%20site\/Anuario%20Sustentabilidade%20VWB%202021.pdf\" target=\"_blank\">\n\t\t\t\t\t\t<span class=\"elementor-button-content-wrapper\">\n\t\t\t\t\t\t\t\t\t<span class=\"elementor-button-text\">Clique aqui e baixe o arquivo.<\/span>\n\t\t\t\t\t<\/span>\n\t\t\t\t\t<\/a>\n\t\t\t\t<\/div>\n\t\t\t\t\t\t\t\t<\/div>\n\t\t\t\t<\/div>\n\t\t\t\t\t<\/div>\n\t\t<\/div>\n\t\t\t\t<div class=\"elementor-column elementor-col-33 elementor-top-column elementor-element elementor-element-2aeea7a\" data-id=\"2aeea7a\" data-element_type=\"column\">\n\t\t\t<div class=\"elementor-widget-wrap\">\n\t\t\t\t\t\t\t<\/div>\n\t\t<\/div>\n\t\t\t\t\t<\/div>\n\t\t<\/section>\n\t\t\t\t<\/div>\n\t\t","protected":false},"excerpt":{"rendered":"<p>Os principais destaques do anu\u00e1rio est\u00e3o dispon\u00edveis para download. Baixe a vers\u00e3o em PDF com o resumo de 2021 e guarde para futuras consultas. Clique aqui e baixe o arquivo. Os principais destaques do anu\u00e1rio est\u00e3o dispon\u00edveis para download. Baixe a vers\u00e3o em PDF com o resumo de 2021 e guarde para futuras consultas. Clique [&hellip;]<\/p>\n","protected":false},"author":2,"featured_media":2099,"parent":0,"menu_order":0,"comment_status":"closed","ping_status":"closed","template":"","meta":{"footnotes":""},"class_list":["post-2395","page","type-page","status-publish","has-post-thumbnail","hentry"],"_links":{"self":[{"href":"https:\/\/www.relatostar.com.br\/2021\/wp-json\/wp\/v2\/pages\/2395","targetHints":{"allow":["GET"]}}],"collection":[{"href":"https:\/\/www.relatostar.com.br\/2021\/wp-json\/wp\/v2\/pages"}],"about":[{"href":"https:\/\/www.relatostar.com.br\/2021\/wp-json\/wp\/v2\/types\/page"}],"author":[{"embeddable":true,"href":"https:\/\/www.relatostar.com.br\/2021\/wp-json\/wp\/v2\/users\/2"}],"replies":[{"embeddable":true,"href":"https:\/\/www.relatostar.com.br\/2021\/wp-json\/wp\/v2\/comments?post=2395"}],"version-history":[{"count":24,"href":"https:\/\/www.relatostar.com.br\/2021\/wp-json\/wp\/v2\/pages\/2395\/revisions"}],"predecessor-version":[{"id":4517,"href":"https:\/\/www.relatostar.com.br\/2021\/wp-json\/wp\/v2\/pages\/2395\/revisions\/4517"}],"wp:featuredmedia":[{"embeddable":true,"href":"https:\/\/www.relatostar.com.br\/2021\/wp-json\/wp\/v2\/media\/2099"}],"wp:attachment":[{"href":"https:\/\/www.relatostar.com.br\/2021\/wp-json\/wp\/v2\/media?parent=2395"}],"curies":[{"name":"wp","href":"https:\/\/api.w.org\/{rel}","templated":true}]}}