{"id":144,"date":"2022-02-08T14:35:05","date_gmt":"2022-02-08T17:35:05","guid":{"rendered":"https:\/\/www.relatostar.com.br\/2021\/?page_id=144"},"modified":"2022-04-01T15:15:38","modified_gmt":"2022-04-01T18:15:38","slug":"mensagem-do-chairman","status":"publish","type":"page","link":"https:\/\/www.relatostar.com.br\/2021\/mensagem-do-chairman\/","title":{"rendered":"Mensagem do Chairman"},"content":{"rendered":"\t\t<div data-elementor-type=\"wp-page\" data-elementor-id=\"144\" class=\"elementor elementor-144\" data-elementor-post-type=\"page\">\n\t\t\t\t\t\t<section class=\"elementor-section elementor-top-section elementor-element elementor-element-0e18ad3 elementor-section-boxed elementor-section-height-default elementor-section-height-default\" data-id=\"0e18ad3\" data-element_type=\"section\" data-settings=\"{&quot;jet_parallax_layout_list&quot;:[]}\">\n\t\t\t\t\t\t<div class=\"elementor-container elementor-column-gap-default\">\n\t\t\t\t\t<div class=\"elementor-column elementor-col-100 elementor-top-column elementor-element elementor-element-9dde348\" data-id=\"9dde348\" data-element_type=\"column\">\n\t\t\t<div class=\"elementor-widget-wrap elementor-element-populated\">\n\t\t\t\t\t\t<div class=\"elementor-element elementor-element-36981b4 elementor-view-framed elementor-widget__width-auto elementor-fixed elementor-shape-circle elementor-widget elementor-widget-icon\" data-id=\"36981b4\" data-element_type=\"widget\" data-settings=\"{&quot;_position&quot;:&quot;fixed&quot;}\" data-widget_type=\"icon.default\">\n\t\t\t\t<div class=\"elementor-widget-container\">\n\t\t\t\t\t\t\t<div class=\"elementor-icon-wrapper\">\n\t\t\t<a class=\"elementor-icon\" href=\"http:\/\/www.starcomunicacao.com.br\/arquivos\/uploadnew\/data\/7000%20Anuario%20Volkswagen\/Download%20do%20site\/Mensagem%20do%20Chairman%20-%20Anuario%20Volkswagen%20do%20Brasil%202021.pdf\" target=\"_blank\">\n\t\t\t<svg xmlns=\"http:\/\/www.w3.org\/2000\/svg\" xmlns:xlink=\"http:\/\/www.w3.org\/1999\/xlink\" id=\"Camada_1\" x=\"0px\" y=\"0px\" viewBox=\"0 0 700 700\" style=\"enable-background:new 0 0 700 700;\" xml:space=\"preserve\"><path d=\"M553.9,406.3L361.4,598.8c-6.8,6.9-17.9,6.9-24.8,0.1c0,0-0.1-0.1-0.1-0.1L144.1,406.3c-6.9-6.9-6.9-18,0-24.9 c6.9-6.9,18-6.9,24.9,0l162.6,162.8V26.4c0-9.7,7.8-17.5,17.5-17.5s17.5,7.8,17.5,17.5v517.8l162.6-162.8c6.9-6.9,18-6.9,24.9,0 C560.8,388.3,560.8,399.5,553.9,406.3L553.9,406.3z\"><\/path><path d=\"M541.5,673.9h-385c-9.7,0-17.5-7.8-17.5-17.5c0-9.7,7.8-17.5,17.5-17.5h385c9.7,0,17.5,7.8,17.5,17.5 C559,666.1,551.2,673.9,541.5,673.9z\"><\/path><\/svg>\t\t\t<\/a>\n\t\t<\/div>\n\t\t\t\t\t\t<\/div>\n\t\t\t\t<\/div>\n\t\t\t\t\t<\/div>\n\t\t<\/div>\n\t\t\t\t\t<\/div>\n\t\t<\/section>\n\t\t\t\t<section class=\"elementor-section elementor-top-section elementor-element elementor-element-eee34e8 elementor-section-stretched elementor-hidden-desktop elementor-section-boxed elementor-section-height-default elementor-section-height-default\" data-id=\"eee34e8\" data-element_type=\"section\" data-settings=\"{&quot;stretch_section&quot;:&quot;section-stretched&quot;,&quot;jet_parallax_layout_list&quot;:[]}\">\n\t\t\t\t\t\t<div class=\"elementor-container elementor-column-gap-wide\">\n\t\t\t\t\t<div class=\"elementor-column elementor-col-100 elementor-top-column elementor-element elementor-element-09b564e\" data-id=\"09b564e\" data-element_type=\"column\">\n\t\t\t<div class=\"elementor-widget-wrap elementor-element-populated\">\n\t\t\t\t\t\t<div class=\"elementor-element elementor-element-0fcb87d elementor-widget elementor-widget-heading\" data-id=\"0fcb87d\" data-element_type=\"widget\" data-widget_type=\"heading.default\">\n\t\t\t\t<div class=\"elementor-widget-container\">\n\t\t\t\t\t<h2 class=\"elementor-heading-title elementor-size-default\">Dez anos no caminho<\/h2>\t\t\t\t<\/div>\n\t\t\t\t<\/div>\n\t\t\t\t<div class=\"elementor-element elementor-element-731b40e elementor-widget elementor-widget-heading\" data-id=\"731b40e\" data-element_type=\"widget\" data-widget_type=\"heading.default\">\n\t\t\t\t<div class=\"elementor-widget-container\">\n\t\t\t\t\t<h2 class=\"elementor-heading-title elementor-size-default\">da sustentabilidade<\/h2>\t\t\t\t<\/div>\n\t\t\t\t<\/div>\n\t\t\t\t<div class=\"elementor-element elementor-element-4631fc7 elementor-widget elementor-widget-text-editor\" data-id=\"4631fc7\" data-element_type=\"widget\" data-widget_type=\"text-editor.default\">\n\t\t\t\t<div class=\"elementor-widget-container\">\n\t\t\t\t\t\t\t\t\t<p>(GRI 102-14)<\/p>\t\t\t\t\t\t\t\t<\/div>\n\t\t\t\t<\/div>\n\t\t\t\t<div class=\"elementor-element elementor-element-682abab elementor-widget elementor-widget-text-editor\" data-id=\"682abab\" data-element_type=\"widget\" data-widget_type=\"text-editor.default\">\n\t\t\t\t<div class=\"elementor-widget-container\">\n\t\t\t\t\t\t\t\t\t<p>Esta edi\u00e7\u00e3o do Anu\u00e1rio de Sustentabilidade \u00e9 um marco para a Volkswagen do Brasil. Completamos 10 anos deste importante instrumento p\u00fablico de presta\u00e7\u00e3o de contas que registra nossa hist\u00f3ria de forma transparente. Em uma d\u00e9cada, as p\u00e1ginas deste relat\u00f3rio testemunharam a soma de esfor\u00e7os, ideias, trabalho em equipe, inspira\u00e7\u00f5es, desejos e muitas conquistas que nos impulsionaram rumo ao que hoje designamos como uma <strong>Nova Volkswagen<\/strong>.<\/p><p>Mesmo em um ano desafiador, como foi 2021, avan\u00e7amos em conson\u00e2ncia com as metas do Grupo Volkswagen em <strong>neutralidade de carbono<\/strong>. O Brasil foi escolhido para sediar o Centro de Pesquisa &amp; Desenvolvimento em etanol e outros biocombust\u00edveis. Esse \u00e9 um ativo que o pa\u00eds ganha e um legado da Marca, que investir\u00e1 R$ 7 bilh\u00f5es na Am\u00e9rica Latina nos pr\u00f3ximos cinco anos. Esse aporte far\u00e1 a expans\u00e3o dos projetos locais, a come\u00e7ar pelo Polo Track a partir de 2023, abrindo uma nova fam\u00edlia de compactos no segmento de entrada. Chamo aten\u00e7\u00e3o tamb\u00e9m para as parcerias com a Shell, Ra\u00edzen, Unicamp e BNDES. Tudo isso integrado \u00e0 estrat\u00e9gia Way to Zero, que prev\u00ea a neutralidade de carbono at\u00e9 2050.<\/p>\t\t\t\t\t\t\t\t<\/div>\n\t\t\t\t<\/div>\n\t\t\t\t<div class=\"elementor-element elementor-element-a82a290 elementor-widget elementor-widget-image\" data-id=\"a82a290\" data-element_type=\"widget\" data-widget_type=\"image.default\">\n\t\t\t\t<div class=\"elementor-widget-container\">\n\t\t\t\t\t\t\t\t\t\t\t\t\t\t\t<img fetchpriority=\"high\" decoding=\"async\" width=\"2560\" height=\"1706\" src=\"https:\/\/www.relatostar.com.br\/2021\/wp-content\/uploads\/2022\/02\/c95161ce-ffbf-4d22-a5aa-32617c93fbc4_low-scaled.jpg\" class=\"attachment-full size-full wp-image-860\" alt=\"\" srcset=\"https:\/\/www.relatostar.com.br\/2021\/wp-content\/uploads\/2022\/02\/c95161ce-ffbf-4d22-a5aa-32617c93fbc4_low-scaled.jpg 2560w, https:\/\/www.relatostar.com.br\/2021\/wp-content\/uploads\/2022\/02\/c95161ce-ffbf-4d22-a5aa-32617c93fbc4_low-scaled-300x200.jpg 300w, https:\/\/www.relatostar.com.br\/2021\/wp-content\/uploads\/2022\/02\/c95161ce-ffbf-4d22-a5aa-32617c93fbc4_low-scaled-1024x682.jpg 1024w, https:\/\/www.relatostar.com.br\/2021\/wp-content\/uploads\/2022\/02\/c95161ce-ffbf-4d22-a5aa-32617c93fbc4_low-scaled-768x512.jpg 768w, https:\/\/www.relatostar.com.br\/2021\/wp-content\/uploads\/2022\/02\/c95161ce-ffbf-4d22-a5aa-32617c93fbc4_low-scaled-1536x1024.jpg 1536w, https:\/\/www.relatostar.com.br\/2021\/wp-content\/uploads\/2022\/02\/c95161ce-ffbf-4d22-a5aa-32617c93fbc4_low-scaled-2048x1365.jpg 2048w\" sizes=\"(max-width: 2560px) 100vw, 2560px\" \/>\t\t\t\t\t\t\t\t\t\t\t\t\t\t\t<\/div>\n\t\t\t\t<\/div>\n\t\t\t\t<div class=\"elementor-element elementor-element-2615f5c elementor-widget elementor-widget-text-editor\" data-id=\"2615f5c\" data-element_type=\"widget\" data-widget_type=\"text-editor.default\">\n\t\t\t\t<div class=\"elementor-widget-container\">\n\t\t\t\t\t\t\t\t\t<p>A cada dia consolidamos nossa <strong>Transforma\u00e7\u00e3o Cultural<\/strong>. Tenho orgulho da forma como n\u00f3s trabalhamos a Diversidade &amp; Inclus\u00e3o, com muitas conquistas e maior conscientiza\u00e7\u00e3o por parte dos nossos colaboradores, concession\u00e1rios e fornecedores. Acredito que estamos em um ponto muito alto na comunica\u00e7\u00e3o com os <em>stakeholders<\/em> e os 10 anos deste anu\u00e1rio s\u00e3o uma prova disso. Investimos em uma <strong>Marca Digital<\/strong> para estarmos mais pr\u00f3ximos de nossos clientes. Realizamos a <em>ID. Week<\/em>, apresentando os modelos 100% el\u00e9tricos ID.3 e ID.4, e conclu\u00edmos nossa Ofensiva de Produtos com o lan\u00e7amento do SUV <i>premium<\/i> Taos que, ao lado do Nivus e do T-Cross, conquistou a lideran\u00e7a de mercado em SUVs compactos no Brasil e na Argentina.\u00a0Al\u00e9m disso, criamos a Calculadora Abaste\u00e7a Consciente, dispon\u00edvel no app Meu VW, para incentivar o uso do etanol (fonte at\u00e9 80% menos poluente comparada \u00e0 gasolina) e levamos o VW <em>Sign&amp;Drive<\/em>, nosso programa de assinatura, para todo o Brasil, s\u00f3 para citar alguns exemplos.<\/p><p>O Anu\u00e1rio de Sustentabilidade 2021 sintetiza nossos esfor\u00e7os no <strong>caminho ESG<\/strong> (Governan\u00e7a Ambiental, Social e Corporativa, na sigla em ingl\u00eas), colocando a Volkswagen do Brasil na vanguarda para a descarboniza\u00e7\u00e3o e a digitaliza\u00e7\u00e3o dos produtos e processos, sem perder sua principal caracter\u00edstica: uma empresa humana. Ao fazermos um balan\u00e7o dos 10 anos deste anu\u00e1rio identificamos facilmente que essa \u00e9 a for\u00e7a que nos move e continuar\u00e1 nos movendo por outras muitas d\u00e9cadas.<\/p>\t\t\t\t\t\t\t\t<\/div>\n\t\t\t\t<\/div>\n\t\t\t\t<div class=\"elementor-element elementor-element-bbecee6 elementor-widget elementor-widget-heading\" data-id=\"bbecee6\" data-element_type=\"widget\" data-widget_type=\"heading.default\">\n\t\t\t\t<div class=\"elementor-widget-container\">\n\t\t\t\t\t<h4 class=\"elementor-heading-title elementor-size-default\">Celebramos esta edi\u00e7\u00e3o e compartilhamos com voc\u00ea nossos resultados. Tenha uma prazerosa leitura!<\/h4>\t\t\t\t<\/div>\n\t\t\t\t<\/div>\n\t\t\t\t<div class=\"elementor-element elementor-element-8ccfe62 elementor-widget elementor-widget-text-editor\" data-id=\"8ccfe62\" data-element_type=\"widget\" data-widget_type=\"text-editor.default\">\n\t\t\t\t<div class=\"elementor-widget-container\">\n\t\t\t\t\t\t\t\t\t<p><strong>Pablo Di Si <\/strong><\/p><p>Chairman Executivo da Volkswagen na Regi\u00e3o Am\u00e9rica Latina<\/p>\t\t\t\t\t\t\t\t<\/div>\n\t\t\t\t<\/div>\n\t\t\t\t\t<\/div>\n\t\t<\/div>\n\t\t\t\t\t<\/div>\n\t\t<\/section>\n\t\t\t\t<section class=\"elementor-section elementor-top-section elementor-element elementor-element-c8db9f0 elementor-hidden-tablet elementor-hidden-mobile elementor-section-boxed elementor-section-height-default elementor-section-height-default\" data-id=\"c8db9f0\" data-element_type=\"section\" data-settings=\"{&quot;jet_parallax_layout_list&quot;:[]}\">\n\t\t\t\t\t\t<div class=\"elementor-container elementor-column-gap-default\">\n\t\t\t\t\t<div class=\"elementor-column elementor-col-100 elementor-top-column elementor-element elementor-element-83aa845\" data-id=\"83aa845\" data-element_type=\"column\">\n\t\t\t<div class=\"elementor-widget-wrap elementor-element-populated\">\n\t\t\t\t\t\t<section class=\"elementor-section elementor-inner-section elementor-element elementor-element-112b02b elementor-section-full_width elementor-section-height-default elementor-section-height-default\" data-id=\"112b02b\" data-element_type=\"section\" data-settings=\"{&quot;jet_parallax_layout_list&quot;:[]}\">\n\t\t\t\t\t\t<div class=\"elementor-container elementor-column-gap-default\">\n\t\t\t\t\t<div class=\"elementor-column elementor-col-33 elementor-inner-column elementor-element elementor-element-115a028\" data-id=\"115a028\" data-element_type=\"column\">\n\t\t\t<div class=\"elementor-widget-wrap\">\n\t\t\t\t\t\t\t<\/div>\n\t\t<\/div>\n\t\t\t\t<div class=\"elementor-column elementor-col-33 elementor-inner-column elementor-element elementor-element-42d5921\" data-id=\"42d5921\" data-element_type=\"column\">\n\t\t\t<div class=\"elementor-widget-wrap elementor-element-populated\">\n\t\t\t\t\t\t<div class=\"elementor-element elementor-element-471030b elementor-widget elementor-widget-heading\" data-id=\"471030b\" data-element_type=\"widget\" data-widget_type=\"heading.default\">\n\t\t\t\t<div class=\"elementor-widget-container\">\n\t\t\t\t\t<h2 class=\"elementor-heading-title elementor-size-default\">Dez anos no caminho<\/h2>\t\t\t\t<\/div>\n\t\t\t\t<\/div>\n\t\t\t\t<div class=\"elementor-element elementor-element-28116a5 elementor-widget elementor-widget-heading\" data-id=\"28116a5\" data-element_type=\"widget\" data-widget_type=\"heading.default\">\n\t\t\t\t<div class=\"elementor-widget-container\">\n\t\t\t\t\t<h2 class=\"elementor-heading-title elementor-size-default\">da sustentabilidade<\/h2>\t\t\t\t<\/div>\n\t\t\t\t<\/div>\n\t\t\t\t<div class=\"elementor-element elementor-element-18c2b0e elementor-widget elementor-widget-text-editor\" data-id=\"18c2b0e\" data-element_type=\"widget\" data-widget_type=\"text-editor.default\">\n\t\t\t\t<div class=\"elementor-widget-container\">\n\t\t\t\t\t\t\t\t\t<p>(GRI 102-14)<\/p>\t\t\t\t\t\t\t\t<\/div>\n\t\t\t\t<\/div>\n\t\t\t\t\t<\/div>\n\t\t<\/div>\n\t\t\t\t<div class=\"elementor-column elementor-col-33 elementor-inner-column elementor-element elementor-element-c623b2a\" data-id=\"c623b2a\" data-element_type=\"column\">\n\t\t\t<div class=\"elementor-widget-wrap\">\n\t\t\t\t\t\t\t<\/div>\n\t\t<\/div>\n\t\t\t\t\t<\/div>\n\t\t<\/section>\n\t\t\t\t\t<\/div>\n\t\t<\/div>\n\t\t\t\t\t<\/div>\n\t\t<\/section>\n\t\t\t\t<section class=\"elementor-section elementor-top-section elementor-element elementor-element-8be3065 elementor-hidden-tablet elementor-hidden-mobile elementor-section-boxed elementor-section-height-default elementor-section-height-default\" data-id=\"8be3065\" data-element_type=\"section\" data-settings=\"{&quot;jet_parallax_layout_list&quot;:[]}\">\n\t\t\t\t\t\t<div class=\"elementor-container elementor-column-gap-default\">\n\t\t\t\t\t<div class=\"elementor-column elementor-col-100 elementor-top-column elementor-element elementor-element-bc02236\" data-id=\"bc02236\" data-element_type=\"column\">\n\t\t\t<div class=\"elementor-widget-wrap elementor-element-populated\">\n\t\t\t\t\t\t<section class=\"elementor-section elementor-inner-section elementor-element elementor-element-1f972e5 elementor-section-boxed elementor-section-height-default elementor-section-height-default\" data-id=\"1f972e5\" data-element_type=\"section\" data-settings=\"{&quot;jet_parallax_layout_list&quot;:[]}\">\n\t\t\t\t\t\t<div class=\"elementor-container elementor-column-gap-default\">\n\t\t\t\t\t<div class=\"elementor-column elementor-col-100 elementor-inner-column elementor-element elementor-element-1245216\" data-id=\"1245216\" data-element_type=\"column\">\n\t\t\t<div class=\"elementor-widget-wrap elementor-element-populated\">\n\t\t\t\t\t\t<div class=\"elementor-element elementor-element-c64e095 elementor-widget elementor-widget-text-editor\" data-id=\"c64e095\" data-element_type=\"widget\" data-widget_type=\"text-editor.default\">\n\t\t\t\t<div class=\"elementor-widget-container\">\n\t\t\t\t\t\t\t\t\t<p>Esta edi\u00e7\u00e3o do Anu\u00e1rio de Sustentabilidade \u00e9 um marco para a Volkswagen do Brasil. Completamos 10 anos deste importante instrumento p\u00fablico de presta\u00e7\u00e3o de contas que registra nossa hist\u00f3ria de forma transparente. Em uma d\u00e9cada, as p\u00e1ginas deste relat\u00f3rio testemunharam a soma de esfor\u00e7os, ideias, trabalho em equipe, inspira\u00e7\u00f5es, desejos e muitas conquistas que nos impulsionaram rumo ao que hoje designamos como uma <strong>Nova Volkswagen<\/strong>.<\/p><p>Mesmo em um ano desafiador, como foi 2021, avan\u00e7amos em conson\u00e2ncia com as metas do Grupo Volkswagen em <strong>neutralidade de carbono<\/strong>. O Brasil foi escolhido para sediar o Centro de Pesquisa &amp; Desenvolvimento em etanol e outros biocombust\u00edveis. Esse \u00e9 um ativo que o pa\u00eds ganha e um legado da Marca, que investir\u00e1 R$ 7 bilh\u00f5es na Am\u00e9rica Latina nos pr\u00f3ximos cinco anos. Esse aporte far\u00e1 a expans\u00e3o dos projetos locais, a come\u00e7ar pelo Polo Track a partir de 2023, abrindo uma nova fam\u00edlia de compactos no segmento de entrada. Chamo aten\u00e7\u00e3o tamb\u00e9m para as parcerias com a Shell, Ra\u00edzen, Unicamp e BNDES. Tudo isso integrado \u00e0 estrat\u00e9gia Way to Zero, que prev\u00ea a neutralidade de carbono at\u00e9 2050.<\/p>\t\t\t\t\t\t\t\t<\/div>\n\t\t\t\t<\/div>\n\t\t\t\t\t<\/div>\n\t\t<\/div>\n\t\t\t\t\t<\/div>\n\t\t<\/section>\n\t\t\t\t\t<\/div>\n\t\t<\/div>\n\t\t\t\t\t<\/div>\n\t\t<\/section>\n\t\t\t\t<section class=\"elementor-section elementor-top-section elementor-element elementor-element-01e9cee elementor-hidden-tablet elementor-hidden-mobile elementor-section-boxed elementor-section-height-default elementor-section-height-default\" data-id=\"01e9cee\" data-element_type=\"section\" data-settings=\"{&quot;jet_parallax_layout_list&quot;:[]}\">\n\t\t\t\t\t\t<div class=\"elementor-container elementor-column-gap-default\">\n\t\t\t\t\t<div class=\"elementor-column elementor-col-50 elementor-top-column elementor-element elementor-element-ab1942d\" data-id=\"ab1942d\" data-element_type=\"column\">\n\t\t\t<div class=\"elementor-widget-wrap elementor-element-populated\">\n\t\t\t\t\t\t<div class=\"elementor-element elementor-element-167ca1a elementor-widget elementor-widget-image\" data-id=\"167ca1a\" data-element_type=\"widget\" data-settings=\"{&quot;sticky_parent&quot;:&quot;yes&quot;,&quot;sticky&quot;:&quot;top&quot;,&quot;sticky_on&quot;:[&quot;desktop&quot;],&quot;sticky_offset&quot;:70,&quot;sticky_effects_offset&quot;:10,&quot;sticky_anchor_link_offset&quot;:0}\" data-widget_type=\"image.default\">\n\t\t\t\t<div class=\"elementor-widget-container\">\n\t\t\t\t\t\t\t\t\t\t\t\t\t\t\t<img fetchpriority=\"high\" decoding=\"async\" width=\"2560\" height=\"1706\" src=\"https:\/\/www.relatostar.com.br\/2021\/wp-content\/uploads\/2022\/02\/c95161ce-ffbf-4d22-a5aa-32617c93fbc4_low-scaled.jpg\" class=\"attachment-full size-full wp-image-860\" alt=\"\" srcset=\"https:\/\/www.relatostar.com.br\/2021\/wp-content\/uploads\/2022\/02\/c95161ce-ffbf-4d22-a5aa-32617c93fbc4_low-scaled.jpg 2560w, https:\/\/www.relatostar.com.br\/2021\/wp-content\/uploads\/2022\/02\/c95161ce-ffbf-4d22-a5aa-32617c93fbc4_low-scaled-300x200.jpg 300w, https:\/\/www.relatostar.com.br\/2021\/wp-content\/uploads\/2022\/02\/c95161ce-ffbf-4d22-a5aa-32617c93fbc4_low-scaled-1024x682.jpg 1024w, https:\/\/www.relatostar.com.br\/2021\/wp-content\/uploads\/2022\/02\/c95161ce-ffbf-4d22-a5aa-32617c93fbc4_low-scaled-768x512.jpg 768w, https:\/\/www.relatostar.com.br\/2021\/wp-content\/uploads\/2022\/02\/c95161ce-ffbf-4d22-a5aa-32617c93fbc4_low-scaled-1536x1024.jpg 1536w, https:\/\/www.relatostar.com.br\/2021\/wp-content\/uploads\/2022\/02\/c95161ce-ffbf-4d22-a5aa-32617c93fbc4_low-scaled-2048x1365.jpg 2048w\" sizes=\"(max-width: 2560px) 100vw, 2560px\" \/>\t\t\t\t\t\t\t\t\t\t\t\t\t\t\t<\/div>\n\t\t\t\t<\/div>\n\t\t\t\t\t<\/div>\n\t\t<\/div>\n\t\t\t\t<div class=\"elementor-column elementor-col-50 elementor-top-column elementor-element elementor-element-202f595\" data-id=\"202f595\" data-element_type=\"column\">\n\t\t\t<div class=\"elementor-widget-wrap elementor-element-populated\">\n\t\t\t\t\t\t<div class=\"elementor-element elementor-element-a856a2d elementor-widget elementor-widget-text-editor\" data-id=\"a856a2d\" data-element_type=\"widget\" data-widget_type=\"text-editor.default\">\n\t\t\t\t<div class=\"elementor-widget-container\">\n\t\t\t\t\t\t\t\t\t<p>A cada dia consolidamos nossa <strong>Transforma\u00e7\u00e3o Cultural<\/strong>. Tenho orgulho da forma como n\u00f3s trabalhamos a Diversidade &amp; Inclus\u00e3o, com muitas conquistas e maior conscientiza\u00e7\u00e3o por parte dos nossos colaboradores, concession\u00e1rios e fornecedores. Acredito que estamos em um ponto muito alto na comunica\u00e7\u00e3o com os <em>stakeholders<\/em> e os 10 anos deste anu\u00e1rio s\u00e3o uma prova disso. Investimos em uma <strong>Marca Digital<\/strong> para estarmos mais pr\u00f3ximos de nossos clientes. Realizamos a <em>ID. Week<\/em>, apresentando os modelos 100% el\u00e9tricos ID.3 e ID.4, e conclu\u00edmos nossa Ofensiva de Produtos com o lan\u00e7amento do SUV <i>premium<\/i> Taos que, ao lado do Nivus e do T-Cross, conquistou a lideran\u00e7a de mercado em SUVs compactos no Brasil e na Argentina.\u00a0Al\u00e9m disso, criamos a Calculadora Abaste\u00e7a Consciente, dispon\u00edvel no app Meu VW, para incentivar o uso do etanol (fonte at\u00e9 80% menos poluente comparada \u00e0 gasolina) e levamos o VW <em>Sign&amp;Drive<\/em>, nosso programa de assinatura, para todo o Brasil, s\u00f3 para citar alguns exemplos.<\/p><p>O Anu\u00e1rio de Sustentabilidade 2021 sintetiza nossos esfor\u00e7os no <strong>caminho ESG<\/strong> (Governan\u00e7a Ambiental, Social e Corporativa, na sigla em ingl\u00eas), colocando a Volkswagen do Brasil na vanguarda para a descarboniza\u00e7\u00e3o e a digitaliza\u00e7\u00e3o dos produtos e processos, sem perder sua principal caracter\u00edstica: uma empresa humana. Ao fazermos um balan\u00e7o dos 10 anos deste anu\u00e1rio identificamos facilmente que essa \u00e9 a for\u00e7a que nos move e continuar\u00e1 nos movendo por outras muitas d\u00e9cadas.<\/p>\t\t\t\t\t\t\t\t<\/div>\n\t\t\t\t<\/div>\n\t\t\t\t<div class=\"elementor-element elementor-element-88834dc elementor-widget elementor-widget-heading\" data-id=\"88834dc\" data-element_type=\"widget\" data-widget_type=\"heading.default\">\n\t\t\t\t<div class=\"elementor-widget-container\">\n\t\t\t\t\t<h4 class=\"elementor-heading-title elementor-size-default\">Celebramos esta edi\u00e7\u00e3o e compartilhamos com voc\u00ea nossos resultados. Tenha uma prazerosa leitura!<\/h4>\t\t\t\t<\/div>\n\t\t\t\t<\/div>\n\t\t\t\t<div class=\"elementor-element elementor-element-6739d9f elementor-widget elementor-widget-text-editor\" data-id=\"6739d9f\" data-element_type=\"widget\" data-widget_type=\"text-editor.default\">\n\t\t\t\t<div class=\"elementor-widget-container\">\n\t\t\t\t\t\t\t\t\t<p><strong>Pablo Di Si <\/strong><\/p><p>Chairman Executivo da Volkswagen na Regi\u00e3o Am\u00e9rica Latina<\/p>\t\t\t\t\t\t\t\t<\/div>\n\t\t\t\t<\/div>\n\t\t\t\t\t<\/div>\n\t\t<\/div>\n\t\t\t\t\t<\/div>\n\t\t<\/section>\n\t\t\t\t<\/div>\n\t\t","protected":false},"excerpt":{"rendered":"<p>Dez anos no caminho da sustentabilidade (GRI 102-14) Esta edi\u00e7\u00e3o do Anu\u00e1rio de Sustentabilidade \u00e9 um marco para a Volkswagen do Brasil. Completamos 10 anos deste importante instrumento p\u00fablico de presta\u00e7\u00e3o de contas que registra nossa hist\u00f3ria de forma transparente. Em uma d\u00e9cada, as p\u00e1ginas deste relat\u00f3rio testemunharam a soma de esfor\u00e7os, ideias, trabalho em [&hellip;]<\/p>\n","protected":false},"author":2,"featured_media":3535,"parent":0,"menu_order":0,"comment_status":"closed","ping_status":"closed","template":"","meta":{"footnotes":""},"class_list":["post-144","page","type-page","status-publish","has-post-thumbnail","hentry"],"_links":{"self":[{"href":"https:\/\/www.relatostar.com.br\/2021\/wp-json\/wp\/v2\/pages\/144","targetHints":{"allow":["GET"]}}],"collection":[{"href":"https:\/\/www.relatostar.com.br\/2021\/wp-json\/wp\/v2\/pages"}],"about":[{"href":"https:\/\/www.relatostar.com.br\/2021\/wp-json\/wp\/v2\/types\/page"}],"author":[{"embeddable":true,"href":"https:\/\/www.relatostar.com.br\/2021\/wp-json\/wp\/v2\/users\/2"}],"replies":[{"embeddable":true,"href":"https:\/\/www.relatostar.com.br\/2021\/wp-json\/wp\/v2\/comments?post=144"}],"version-history":[{"count":18,"href":"https:\/\/www.relatostar.com.br\/2021\/wp-json\/wp\/v2\/pages\/144\/revisions"}],"predecessor-version":[{"id":4443,"href":"https:\/\/www.relatostar.com.br\/2021\/wp-json\/wp\/v2\/pages\/144\/revisions\/4443"}],"wp:featuredmedia":[{"embeddable":true,"href":"https:\/\/www.relatostar.com.br\/2021\/wp-json\/wp\/v2\/media\/3535"}],"wp:attachment":[{"href":"https:\/\/www.relatostar.com.br\/2021\/wp-json\/wp\/v2\/media?parent=144"}],"curies":[{"name":"wp","href":"https:\/\/api.w.org\/{rel}","templated":true}]}}